{"id":9873,"date":"2026-03-12T02:21:37","date_gmt":"2026-03-12T02:21:37","guid":{"rendered":"https:\/\/reliableweb.de\/global-business-recruiting\/wissen\/maurer-subunternehmer-aufgaben-auftraege-und-herausforderungen-bei-der-zusammenarbeit-mit-subunternehmern\/"},"modified":"2026-03-29T13:07:14","modified_gmt":"2026-03-29T13:07:14","slug":"schiffbau-dienstleistungen","status":"publish","type":"page","link":"https:\/\/reliableweb.de\/global-business-recruiting\/wissen\/schiffbau-dienstleistungen\/","title":{"rendered":"Dienstleistungen im Bereich Schiffbau"},"content":{"rendered":"<section class=\"l-section wpb_row height_custom\"><div class=\"l-section-h i-cf\"><div class=\"g-cols vc_row via_grid cols_1 laptops-cols_inherit tablets-cols_inherit mobiles-cols_1 valign_top type_default stacking_default\"><div class=\"wpb_column vc_column_container\"><div class=\"vc_column-inner\"><div class=\"wpb_text_column\"><div class=\"wpb_wrapper\"><p>Im<span>\u00a0<\/span><a href=\"https:\/\/reliableweb.de\/global-business-recruiting\/branchen\/schiffbau\/\">Schiffbau<\/a><span>\u00a0<\/span>gibt es viele verschiedene spezialisierte T\u00e4tigkeiten, die gefragt sind. Nicht ohne Grund ist die Industrie der Schifffahrt eine der \u00e4ltesten und gleichzeitig bedeutendsten auf der Welt. Mitarbeiter werden sowohl in der Konstruktion und Wartung als auch bei der Reparatur von Schiffen ben\u00f6tigt. Gerade im internationalen Handel und der globalen Logistik ist der Schiffbau sehr wichtig.<\/p>\n<p>Es gibt in diesem Bereich dauernd neue Entwicklungen und die Anforderungen sind hoch. Deshalb ist es wichtig, dass man qualifiziertes Fachpersonal hat, um die Aufgaben zu bew\u00e4ltigen. Leider ist Deutschland in den letzten Jahren auch in diesem Bereich von einem Fachkr\u00e4ftemangel betroffen.<\/p>\n<h2>Welche Dienstleistungen gibt es im Schiffbau?<\/h2>\n<p>Es gibt sehr viele T\u00e4tigkeiten, die im Schiffbau anfallen. Dabei ist pr\u00e4zises Arbeiten und eine fundierte Kenntnis nicht wegzudenken. Vieles sind Berufe, die es auch in anderen Branchen gibt, die aber an die Anforderungen im Schiffsbau angepasst werden m\u00fcssen.<\/p>\n<h3>Schiffskonstruktion und Design<\/h3>\n<p>Im Bereich Schiffskonstruktion und -design werden Schiffe geplant und entworfen. Hier geht es um kleine Jachten sowie gro\u00dfe Containerschiffe, aber auch Kreuzfahrtschiffe. In diesem Bereich werden die Schiffe entworfen, was eine enge Zusammenarbeit von Ingenieuren und Designern erfordert. Die Schiffe m\u00fcssen nicht nur funktional, sondern auch sicher sein.<\/p>\n<h3>Schiffbau und Montage<\/h3>\n<p>Danach kommt der Bereich des Schiffsbaus und der Montage, bei dem das Design dann zur Realit\u00e4t wird. Es m\u00fcssen komplexe Bauprozesse durchgef\u00fchrt werden, weshalb spezialisierte Handwerker und Techniker ben\u00f6tigt werden, um diesen Anforderungen gerecht zu werden.<\/p>\n<h3>Wartung und Reparatur<\/h3>\n<p>Sind Schiffe einmal zu Wasser gelassen worden, m\u00fcssen sie auch regelm\u00e4\u00dfig gewartet und repariert werden. Es gibt hier die unterschiedlichsten Aufgaben, die erf\u00fcllt werden m\u00fcssen. Dabei wird das Schiff genauestions inspiziert und elektronische Systeme und Maschinen repariert.<\/p>\n<h3>Modernisierung<\/h3>\n<p>Schiffe altern mit der Zeit und m\u00fcssen dann auf den neuesten Stand gebracht werden. Es gibt immer wieder neue Sicherheitsvorschriften und Umweltauflagen, die eingehalten werden m\u00fcssen. Hier k\u00fcmmern sich spezialisierte Fachkr\u00e4fte darum, dass die bestehenden Systeme umger\u00fcstet oder modernisiert werden.<\/p>\n<h3>Zubeh\u00f6r und Ausstattung<\/h3>\n<p>Auch im Bereich Zubeh\u00f6r und Ausstattung wird spezielles Personal ben\u00f6tigt. Sie k\u00fcmmern sich darum, die gesamte Ausstattung f\u00fcr den Betrieb eines Schiffes auf Vordermann zu halten. Das betrifft sowohl die Navigationssysteme als auch die Sicherheitsausstattung.<\/p>\n<p>In all diesen Bereichen braucht man spezialisierte Fachkr\u00e4fte, die sich im Schiffbau auskennen. Dabei m\u00fcssen diese Fachkr\u00e4fte theoretisches Wissen mit sich bringen, aber auch praktische Erfahrung haben. Nur so k\u00f6nnen sie den st\u00e4ndig wachsenden Anforderungen gerecht werden.<\/p>\n<h2>Welche Fachkr\u00e4fte sind im Schiffbau gefragt?<\/h2>\n<h3>Ingenieure und Techniker<\/h3>\n<p>Zu den gefragtesten Fachkr\u00e4ften im Bereich des Schiffsbaus geh\u00f6ren Ingenieure und Techniker. Sie haben eine der wichtigsten Aufgaben, da sie von der Planung bis zur Konstruktion eines Schiffs verantwortlich sind. Sie m\u00fcssen au\u00dferdem darauf achten, dass alle Aspekte eines Schiffs optimal aufeinander abgestimmt sind. Sie verwalten jeden Bereich von der Struktur bis zur Technik.<\/p>\n<ul>\n<li>Ein<span>\u00a0<\/span><strong>Schiffbauingenieur<\/strong><span>\u00a0<\/span>k\u00fcmmert sich darum, dass ein Schiff den Belastungen auf See standhalten kann. Dabei muss es effizient und sicher man\u00f6vrieren k\u00f6nnen.<\/li>\n<li>Der<span>\u00a0<\/span><strong>Maschinenbau-Ingenieur<\/strong><span>\u00a0<\/span>k\u00fcmmert sich darum, dass die Maschinen an Bord gebaut und gewartet werden. Sie sind zum Beispiel f\u00fcr Antriebssysteme, Generatoren, Klimaanlagen und viele andere mechanischen Systeme auf einem Schiff zust\u00e4ndig.<\/li>\n<li>Auch<span>\u00a0<\/span><strong>Elektroingenieure<\/strong><span>\u00a0<\/span>werden im Schiffsbau gebraucht. Schiffe sind heutzutage mit komplexen elektronischen Systemen ausgestattet, was bedeutet, dass die Elektroingenieure sich damit auskennen m\u00fcssen. Nur so kann die Sicherheit und Effizienz eines Schiffes gew\u00e4hrleistet werden.<\/li>\n<\/ul>\n<p>In neuester Zeit werden auch immer mehr Nachhaltigkeits- und Umweltingenieure gesucht. Sie sind bestens mit den Umweltschutzanforderungen vertraut und stets auf dem neuesten Stand. Sie m\u00fcssen auf Nachhaltigkeit und gr\u00fcne Technologien im Schiffbau achten. Dieser Bereich w\u00e4chst momentan sehr schnell.<\/p>\n<h3>Werftarbeiter und Handwerker<\/h3>\n<p>Es gibt aber auch neben den Ingenieuren andere Arbeitskr\u00e4fte, die gebraucht werden.<\/p>\n<ul>\n<li><strong>Werftarbeiter und Handwerker<\/strong><span>\u00a0<\/span>f\u00fcr praktische Umsetzungen im Schiffbau werden dringend ben\u00f6tigt. Sie verf\u00fcgen \u00fcber spezielle Techniken und Materialien, die speziell auf den Schiffbau zugeschnitten sind.<\/li>\n<li><a href=\"https:\/\/reliableweb.de\/global-business-recruiting\/berufe\/schweisser\/\"><strong>Schwei\u00dfer<\/strong><\/a><span>\u00a0<\/span>werden immer gebraucht, da sie die verschiedenen Teile eines Schiffs zusammenf\u00fcgen. Dabei sind die Bedingungen oft extrem.<\/li>\n<li>Der Beruf des<span>\u00a0<\/span><strong>Mechanikers<\/strong><span>\u00a0<\/span>ist entscheidend f\u00fcr die Leistungsf\u00e4higkeit eines Schiffes. Sie sind f\u00fcr die Installation und Wartung von Maschinen und anderen mechanischen Systemen an Bord verantwortlich.<\/li>\n<li>Auch<span>\u00a0<\/span><strong>Elektriker<\/strong><span>\u00a0<\/span>werden im Schiffsbau gebraucht. Sie k\u00fcmmern sich um die Installation, Wartung und alle anderen anfallenden Arbeiten an den elektrischen Systemen. Mit diesen Systemen wird navigiert, kommuniziert und alle gesamten Funktionen des Schiffes gesteuert.<\/li>\n<\/ul>\n<p>Es ist wichtig, dass Schiffe lange unterwegs sein k\u00f6nnen. Die Schiffsoberfl\u00e4chen sind besonders von Korrosion betroffen. Deshalb ist es wichtig, dass alle Teile, die regelm\u00e4\u00dfig mit Wasser in Kontakt kommen, von Lackierern und durch Oberfl\u00e4chenbehandlung gesch\u00fctzt werden.<\/p>\n<h3>Fachkr\u00e4fte in der Schiffsplanung und -beratung<\/h3>\n<p>Schiffe m\u00fcssen effizient und sicher gebaut werden. Deshalb ist gerade die Phase der Planung und Beratung sehr entscheidend.<\/p>\n<ul>\n<li><strong>Schiffsarchitekten<\/strong><span>\u00a0<\/span>befassen sich mit der Gestaltung des Innenraums von Schiffen. Sie sorgen daf\u00fcr, dass die R\u00e4ume sowohl praktisch ausgerichtet als auch komfortabel sind. Dabei h\u00e4ngt es davon ab, ob die Gestaltung den Bed\u00fcrfnissen der Besatzung oder der Passagiere entsprechen muss.<\/li>\n<li>Im Schiffsbau ist auch ein<span>\u00a0<\/span><strong>Bauleiter<\/strong><span>\u00a0<\/span>gefragt. Er ist verantwortlich f\u00fcr die \u00dcberwachung von allen Bauprozessen. Au\u00dferdem ist er daf\u00fcr verantwortlich, dass alle Arbeiten planm\u00e4\u00dfig und im angestrebten Zeitrahmen durchgef\u00fchrt werden.<\/li>\n<li>Der Beruf des<span>\u00a0<\/span><strong>Sicherheitsberaters<\/strong><span>\u00a0<\/span>ist im Schiffsbau besonders wichtig. Er stellt sicher, dass die Schiffe die gesetzlichen Anforderungen erf\u00fcllen. Weiterhin sorgt er daf\u00fcr, dass alle Sicherheitsma\u00dfnahmen korrekt umgesetzt werden.<\/li>\n<\/ul>\n<h3>Andere spezialisierte Fachkr\u00e4fte<\/h3>\n<p>Es gibt \u00fcber die bereits genannten Berufe hinaus noch weitere Berufsgruppen, die im Schiffsbau ben\u00f6tigt werden.<\/p>\n<ul>\n<li>Zum Beispiel ist der Beruf des<span>\u00a0<\/span><strong>Hydrodynamikers<\/strong><span>\u00a0<\/span>gefordert. Er k\u00fcmmert sich darum, dass die Form eines Schiffes optimiert wird, damit sie sich der Str\u00f6mung des Wassers anpassen kann. Ziel ist es, dass der Wasserwiderstand minimiert werden kann und die Effizienz maximiert werden kann.<\/li>\n<li>Auch<span>\u00a0<\/span><strong>Logistikspezialisten<\/strong><span>\u00a0<\/span>werden f\u00fcr den Bau eines Schiffes gebraucht. Sie k\u00fcmmern sich darum, dass die Materialien verf\u00fcgbar sind. Sie k\u00fcmmern sich um die Planung und Koordination der Heranschaffung der verschiedenen Materialien, die f\u00fcr den Bau eines Schiffes ben\u00f6tigt werden.<\/li>\n<\/ul>\n<p>Auch Schulungs- und Ausbildungsleiter werden ben\u00f6tigt. Sie k\u00fcmmern sich darum, dass sie alle Mitarbeiter kontinuierlich weiterbilden. Ziel ist es, dass die Mitarbeiter auf dem neuesten technologischen Stand sind und mit den Vorschriften Schritt halten. Sie sind auch daf\u00fcr zust\u00e4ndig, dass sie eine neue Generation von Fachkr\u00e4ften heranbilden.<\/p>\n<h2>Warum gibt es einen Fachkr\u00e4ftemangel im Schiffbau?<\/h2>\n<p>In den letzten Jahren ist es immer deutlicher geworden, dass es auch im Bereich des Schiffsbaus einen zunehmenden Fachkr\u00e4ftemangel gibt. Der Grund f\u00fcr diesen Mangel ist zum Beispiel der demografische Wandel. Au\u00dferdem werden die Schiffbauprojekte immer komplexer und die Anforderungen an umweltfreundliche Technologien werden gr\u00f6\u00dfer. Es ist f\u00fcr die \u00e4ltere Generation mittlerweile sehr schwer, mit den verschiedenen Anforderungen Schritt zu halten. Leider gibt es viel zu wenig neues Personal, das nachr\u00fccken kann.<\/p>\n<p>Der Schiffbau ist ein hoch spezialisierter Sektor, der eine Vielzahl von Fachkr\u00e4ften erfordert, um sowohl die Konstruktion als auch die Wartung von Schiffen sicherzustellen. Ingenieure, Techniker, Werftarbeiter und Berater spielen eine Schl\u00fcsselrolle in diesem Bereich, wobei der Bedarf an gut ausgebildeten Fachkr\u00e4ften st\u00e4ndig w\u00e4chst. Die Branche steht vor der Herausforderung, den Fachkr\u00e4ftemangel zu beheben und neue Talente zu gewinnen, um den Anforderungen des Marktes gerecht zu werden.<\/p>\n<p>Es kann hierbei helfen, neues Personal heranzuholen, das zus\u00e4tzliche Weiterbildungen erh\u00e4lt. Au\u00dferdem gibt es mittlerweile auch die Tendenz, sich auf den internationalen Arbeitsmarkt geeignetes Personal zu holen.<\/p>\n<h2>H\u00e4ufige Fragen zu Fachkr\u00e4ften und Dienstleistungen im Schiffbau<\/h2>\n<\/div><\/div><div class=\"w-separator size_small\"><\/div><div class=\"w-tabs style_default switch_click accordion type_togglable has_scrolling\" style=\"--sections-title-size:inherit\"><div class=\"w-tabs-sections titles-align_none icon_chevron cpos_right\"><div class=\"w-tabs-section\" id=\"na86\" itemscope itemprop=\"mainEntity\" itemtype=\"https:\/\/schema.org\/Question\"><button class=\"w-tabs-section-header\" aria-controls=\"content-na86\" aria-expanded=\"false\"><div class=\"w-tabs-section-title\" itemprop=\"name\">Welche Schwei\u00dfverfahren sind im Schiffbau besonders wichtig?<\/div><div class=\"w-tabs-section-control\"><\/div><\/button><div  class=\"w-tabs-section-content\" id=\"content-na86\" itemscope itemprop=\"acceptedAnswer\" itemtype=\"https:\/\/schema.org\/Answer\"><div class=\"w-tabs-section-content-h i-cf\" itemprop=\"text\"><div class=\"wpb_text_column\"><div class=\"wpb_wrapper\"><p>Im Schiffbau kommen vor allem MAG-Schwei\u00dfen (f\u00fcr Stahlkonstruktionen), WIG-Schwei\u00dfen (f\u00fcr Edelstahl und Aluminium) sowie Unterpulverschwei\u00dfen (f\u00fcr dicke Bleche im Rumpfbau) zum Einsatz. Besonders gefragt sind Schwei\u00dfer, die in schwierigen Positionen und unter beengten Verh\u00e4ltnissen arbeiten k\u00f6nnen \u2013 typisch f\u00fcr Reparatur- und Wartungsarbeiten auf der Werft.<\/p>\n<\/div><\/div><\/div><\/div><\/div><div class=\"w-tabs-section\" id=\"ub4a\" itemscope itemprop=\"mainEntity\" itemtype=\"https:\/\/schema.org\/Question\"><button class=\"w-tabs-section-header\" aria-controls=\"content-ub4a\" aria-expanded=\"false\"><div class=\"w-tabs-section-title\" itemprop=\"name\">Welche Qualifikationen ben\u00f6tigen Schiffbauingenieure aus Osteuropa f\u00fcr den Einsatz in Deutschland?<\/div><div class=\"w-tabs-section-control\"><\/div><\/button><div  class=\"w-tabs-section-content\" id=\"content-ub4a\" itemscope itemprop=\"acceptedAnswer\" itemtype=\"https:\/\/schema.org\/Answer\"><div class=\"w-tabs-section-content-h i-cf\" itemprop=\"text\"><div class=\"wpb_text_column\"><div class=\"wpb_wrapper\"><p>Schiffbauingenieure aus EU-L\u00e4ndern k\u00f6nnen ihre Qualifikationen in Deutschland in der Regel direkt nutzen. Bei Abschl\u00fcssen aus Drittstaaten ist eine Anerkennung \u00fcber die zust\u00e4ndige Kammer erforderlich. Praktische Erfahrung in Werften und Kenntnisse der deutschen und internationalen Schiffbaunormen (z. B. GL-\/DNV-Klassifikationen) sind wichtige Voraussetzungen.<\/p>\n<\/div><\/div><\/div><\/div><\/div><div class=\"w-tabs-section\" id=\"xc0d\" itemscope itemprop=\"mainEntity\" itemtype=\"https:\/\/schema.org\/Question\"><button class=\"w-tabs-section-header\" aria-controls=\"content-xc0d\" aria-expanded=\"false\"><div class=\"w-tabs-section-title\" itemprop=\"name\">Wie stark ist der Fachkr\u00e4ftemangel im deutschen Schiffbau?<\/div><div class=\"w-tabs-section-control\"><\/div><\/button><div  class=\"w-tabs-section-content\" id=\"content-xc0d\" itemscope itemprop=\"acceptedAnswer\" itemtype=\"https:\/\/schema.org\/Answer\"><div class=\"w-tabs-section-content-h i-cf\" itemprop=\"text\"><div class=\"wpb_text_column\"><div class=\"wpb_wrapper\"><p>Deutschland z\u00e4hlt zu den f\u00fchrenden Schiffbaunationen Europas, leidet aber wie viele Industriebranchen unter einem ausgepr\u00e4gten Fachkr\u00e4ftemangel. Besonders betroffen sind Werften an Nord- und Ostsee. Der Bedarf an Schwei\u00dfern, Schlossern, Elektrikern und Ingenieuren \u00fcbersteigt das verf\u00fcgbare inl\u00e4ndische Angebot deutlich \u2013 ein struktureller Trend, der durch den demografischen Wandel verst\u00e4rkt wird.<\/p>\n<\/div><\/div><\/div><\/div><\/div><div class=\"w-tabs-section\" id=\"wcc5\" itemscope itemprop=\"mainEntity\" itemtype=\"https:\/\/schema.org\/Question\"><button class=\"w-tabs-section-header\" aria-controls=\"content-wcc5\" aria-expanded=\"false\"><div class=\"w-tabs-section-title\" itemprop=\"name\">Kann Global Business Recruiting Fachkr\u00e4fte speziell f\u00fcr Werften vermitteln?<\/div><div class=\"w-tabs-section-control\"><\/div><\/button><div  class=\"w-tabs-section-content\" id=\"content-wcc5\" itemscope itemprop=\"acceptedAnswer\" itemtype=\"https:\/\/schema.org\/Answer\"><div class=\"w-tabs-section-content-h i-cf\" itemprop=\"text\"><div class=\"wpb_text_column\"><div class=\"wpb_wrapper\"><p>Ja. Global Business Recruiting verf\u00fcgt \u00fcber langj\u00e4hrige Erfahrung in der Vermittlung von Schiffbaupersonal aus Osteuropa \u2013 darunter Schwei\u00dfer, Mechaniker, Elektriker und Monteure, die Werftbedingungen kennen. Alle Mitarbeiter sind deutschsprachig und sofort einsatzbereit.<\/p>\n<\/div><\/div><\/div><\/div><\/div><div class=\"w-tabs-section\" id=\"wd7e\" itemscope itemprop=\"mainEntity\" itemtype=\"https:\/\/schema.org\/Question\"><button class=\"w-tabs-section-header\" aria-controls=\"content-wd7e\" aria-expanded=\"false\"><div class=\"w-tabs-section-title\" itemprop=\"name\">Wie lange dauert es, bis vermittelte Schiffbaufachkr\u00e4fte auf der Werft einsatzbereit sind?<\/div><div class=\"w-tabs-section-control\"><\/div><\/button><div  class=\"w-tabs-section-content\" id=\"content-wd7e\" itemscope itemprop=\"acceptedAnswer\" itemtype=\"https:\/\/schema.org\/Answer\"><div class=\"w-tabs-section-content-h i-cf\" itemprop=\"text\"><div class=\"wpb_text_column\"><div class=\"wpb_wrapper\"><p>In der Regel k\u00f6nnen qualifizierte Schiffbaufachkr\u00e4fte aus dem Global-Business-Recruiting-Netzwerk innerhalb von ein bis zwei Wochen auf der Werft eingesetzt werden. Alle erforderlichen Dokumente \u2013 A1-Bescheinigungen, Qualifikationsnachweise, Sicherheitszertifikate \u2013 werden vorab beschafft und gepr\u00fcft.<\/p>\n<\/div><\/div><\/div><\/div><\/div><\/div><\/div><\/div><\/div><\/div><\/div><\/section>\n","protected":false},"excerpt":{"rendered":"Im\u00a0Schiffbau\u00a0gibt es viele verschiedene spezialisierte T\u00e4tigkeiten, die gefragt sind. Nicht ohne Grund ist die Industrie der Schifffahrt eine der \u00e4ltesten und gleichzeitig bedeutendsten auf der Welt. Mitarbeiter werden sowohl in der Konstruktion und Wartung als auch bei der Reparatur von Schiffen ben\u00f6tigt. Gerade im internationalen Handel und der globalen Logistik ist der Schiffbau sehr wichtig....","protected":false},"author":1,"featured_media":11151,"parent":9347,"menu_order":0,"comment_status":"closed","ping_status":"closed","template":"","meta":{"_acf_changed":false,"footnotes":""},"class_list":["post-9873","page","type-page","status-publish","has-post-thumbnail","hentry"],"acf":[],"_links":{"self":[{"href":"https:\/\/reliableweb.de\/global-business-recruiting\/wp-json\/wp\/v2\/pages\/9873","targetHints":{"allow":["GET"]}}],"collection":[{"href":"https:\/\/reliableweb.de\/global-business-recruiting\/wp-json\/wp\/v2\/pages"}],"about":[{"href":"https:\/\/reliableweb.de\/global-business-recruiting\/wp-json\/wp\/v2\/types\/page"}],"author":[{"embeddable":true,"href":"https:\/\/reliableweb.de\/global-business-recruiting\/wp-json\/wp\/v2\/users\/1"}],"replies":[{"embeddable":true,"href":"https:\/\/reliableweb.de\/global-business-recruiting\/wp-json\/wp\/v2\/comments?post=9873"}],"version-history":[{"count":6,"href":"https:\/\/reliableweb.de\/global-business-recruiting\/wp-json\/wp\/v2\/pages\/9873\/revisions"}],"predecessor-version":[{"id":11190,"href":"https:\/\/reliableweb.de\/global-business-recruiting\/wp-json\/wp\/v2\/pages\/9873\/revisions\/11190"}],"up":[{"embeddable":true,"href":"https:\/\/reliableweb.de\/global-business-recruiting\/wp-json\/wp\/v2\/pages\/9347"}],"wp:featuredmedia":[{"embeddable":true,"href":"https:\/\/reliableweb.de\/global-business-recruiting\/wp-json\/wp\/v2\/media\/11151"}],"wp:attachment":[{"href":"https:\/\/reliableweb.de\/global-business-recruiting\/wp-json\/wp\/v2\/media?parent=9873"}],"curies":[{"name":"wp","href":"https:\/\/api.w.org\/{rel}","templated":true}]}}